{"id":6,"date":"2010-06-27T19:00:24","date_gmt":"2010-06-27T17:00:24","guid":{"rendered":"http:\/\/www.hildeakkerman.nl\/?page_id=6"},"modified":"2022-01-12T16:29:14","modified_gmt":"2022-01-12T15:29:14","slug":"introductie","status":"publish","type":"page","link":"http:\/\/www.hildeakkerman.nl\/","title":{"rendered":"Home"},"content":{"rendered":"<p>Ik ben altijd onderweg. Dat vind ik een van de meest fascinerende onderdelen van freelancer zijn. Altijd onderweg zijn, steeds met andere mensen. We vertrouwen elkaar, werken samen en zijn eerlijk over wat we willen, kunnen en verwachten. We komen tot een resultaat, waarbij we de weg er naartoe nooit uit het oog verliezen.<\/p>\n<p>Ik hou van duidelijkheid. Open communicatie met een duidelijk doel en een goed verhaal. Ik ben dan ook altijd op zoek naar de vraag achter de vraag en neem met \u2018daarom\u2019 ook maar zelden genoegen. Deze manier van werken helpt opdrachtgevers om goed na te denken over wat ze nu eigenlijk willen. En waarom.<\/p>\n<p>Interne communicatie heeft mijn bijzondere belangstelling. Omdat ik zeker weet dat medewerkers die mogen meedenken en meepraten, m\u00e9\u00e9r betrokken zijn. Omdat ik vind dat het externe plaatje \u00e1ltijd intern vertaald moet worden. Omdat ik vind dat iedere medewerker het verdient om \u00e9cht gehoord en gezien te worden. De kracht van de mensen als basis voor je beleid.\u00a0<\/p>\n\n\n<blockquote class=\"wp-block-quote is-layout-flow wp-block-quote-is-layout-flow\"><p>  <em>&#8220;Het belangrijkste in communicatie is te horen wat er niet wordt gezegd.&#8221;<\/em><br> <em>Peter Drucker<\/em> <\/p><\/blockquote>\n","protected":false},"excerpt":{"rendered":"<p>Ik ben altijd onderweg. Dat vind ik een van de meest fascinerende onderdelen van freelancer zijn. Altijd onderweg zijn, steeds met andere mensen. We vertrouwen elkaar, werken samen en zijn eerlijk over wat we willen, kunnen en verwachten. We komen tot een resultaat, waarbij we de weg er naartoe nooit uit het oog verliezen. Ik &hellip; <a href=\"http:\/\/www.hildeakkerman.nl\/\" class=\"more-link\">Lees verder <span class=\"screen-reader-text\">Home<\/span> <span class=\"meta-nav\">&rarr;<\/span><\/a><\/p>\n","protected":false},"author":1,"featured_media":0,"parent":0,"menu_order":0,"comment_status":"closed","ping_status":"open","template":"","meta":{"footnotes":""},"class_list":["post-6","page","type-page","status-publish","hentry"],"_links":{"self":[{"href":"http:\/\/www.hildeakkerman.nl\/index.php?rest_route=\/wp\/v2\/pages\/6","targetHints":{"allow":["GET"]}}],"collection":[{"href":"http:\/\/www.hildeakkerman.nl\/index.php?rest_route=\/wp\/v2\/pages"}],"about":[{"href":"http:\/\/www.hildeakkerman.nl\/index.php?rest_route=\/wp\/v2\/types\/page"}],"author":[{"embeddable":true,"href":"http:\/\/www.hildeakkerman.nl\/index.php?rest_route=\/wp\/v2\/users\/1"}],"replies":[{"embeddable":true,"href":"http:\/\/www.hildeakkerman.nl\/index.php?rest_route=%2Fwp%2Fv2%2Fcomments&post=6"}],"version-history":[{"count":38,"href":"http:\/\/www.hildeakkerman.nl\/index.php?rest_route=\/wp\/v2\/pages\/6\/revisions"}],"predecessor-version":[{"id":195,"href":"http:\/\/www.hildeakkerman.nl\/index.php?rest_route=\/wp\/v2\/pages\/6\/revisions\/195"}],"wp:attachment":[{"href":"http:\/\/www.hildeakkerman.nl\/index.php?rest_route=%2Fwp%2Fv2%2Fmedia&parent=6"}],"curies":[{"name":"wp","href":"https:\/\/api.w.org\/{rel}","templated":true}]}}